{"id":3,"date":"2020-05-12T09:34:49","date_gmt":"2020-05-12T09:34:49","guid":{"rendered":"https:\/\/qboutique.ee\/shop\/?page_id=3"},"modified":"2021-04-08T18:21:22","modified_gmt":"2021-04-08T15:21:22","slug":"muugi-ja-privaatsustingimused","status":"publish","type":"page","link":"https:\/\/qboutique.ee\/shop\/muugi-ja-privaatsustingimused\/","title":{"rendered":"M\u00fc\u00fcgi- ja privaatsustingimused"},"content":{"rendered":"<div class=\"wpb-content-wrapper\"><p>[vc_row][vc_column][vc_empty_space][\/vc_column][\/vc_row][vc_row][vc_column][vc_column_text]<\/p>\n<h5>M\u00fc\u00fcgi- ja privaatsustingimused<\/h5>\n<p>[\/vc_column_text][\/vc_column][\/vc_row][vc_row][vc_column][vc_empty_space height=&#8221;64px&#8221;][\/vc_column][\/vc_row][vc_row][vc_column width=&#8221;1\/4&#8243;][vc_column_text]<\/p>\n<h4 class=\"nm-block-heading\">Kasutustingimused<\/h4>\n<p>[\/vc_column_text][\/vc_column][vc_column width=&#8221;3\/4&#8243;][vc_empty_space][vc_column_text]<\/p>\n<h6 class=\"nm-block-heading\">1. \u00dclds\u00e4tted<\/h6>\n<p>[\/vc_column_text][vc_empty_space][vc_column_text]1.1. K\u00e4esoleva Q Boutique E-poe (edaspidi: E-pood) m\u00fc\u00fcgitingimused (edaspidi: Tingimused) kehtivad Q Boutique E-poest ostmisel internetiaadressilt <a href=\"https:\/\/www.qboutique.ee\/shop\/\">https:\/\/www.qboutique.ee\/shop\/<\/a>. Kauba M\u00fc\u00fcja on OBI O\u00dc (edaspidi: M\u00fc\u00fcja), registrikood 10256781, e-posti aadress <a href=\"mailto:info@qboutique.ee\">info@qboutique.ee<\/a>. Tingimused kehtivad k\u00f5igi isikute (edaspidi: Klient) ja M\u00fc\u00fcja vahel Q Boutique E-poe vahendusel kauba ostmisel tekkivate \u00f5igussuhete kohta.<\/p>\n<p>1.2. M\u00fc\u00fcjal on \u00f5igus \u00fchepoolselt tingimusi muuta ja t\u00e4iendada, avaldades uued tingimused internetiaadressil <a href=\"https:\/\/www.qboutique.ee\/shop\/muugi-ja-privaatsustingimused\">https:\/\/www.qboutique.ee\/shop\/muugi-ja-privaatsustingimused<\/a>. Kui Klient esitas tellimuse enne tingimuste muudatuste j\u00f5ustumist, kohaldatakse Kliendi ja M\u00fc\u00fcja \u00f5igussuhtele tellimuse esitamise ajal kehtinud tingimusi.<\/p>\n<p>1.3. Tingimustele lisaks kohaldatakse E-poest ostu sooritamisele Eesti Vabariigis kehtivaid \u00f5igusakte.[\/vc_column_text][\/vc_column][\/vc_row][vc_row][vc_column][vc_empty_space][\/vc_column][\/vc_row][vc_row][vc_column width=&#8221;1\/4&#8243;][\/vc_column][vc_column width=&#8221;3\/4&#8243;][vc_column_text]<\/p>\n<h6 class=\"nm-block-heading\">2. Tellimuse esitamine<\/h6>\n<p>[\/vc_column_text][vc_empty_space][vc_column_text]2.1. Tellimusi saab Q Boutique E-poes esitada anon\u00fc\u00fcmse kliendina.<\/p>\n<p>2.2. Klient valib e-poest v\u00e4lja soovitud kaubad ja lisab ostukorvi.<\/p>\n<p>2.3. Klient valib tellimuse \u00fcleandmise viisi ja koha.<\/p>\n<p>2.4. Klient kinnitab ostukorvi ja tasub kauba eest m\u00fc\u00fcja poolt pakutud makseviisiga. Klient kontrollib enne arve tasumist, et arves toodud andmed vastavad Kliendi tegelikule soovile.<\/p>\n<p>2.5. P\u00e4rast kauba eest tasumist pangalingiga tuleb Kliendil vajutada lingile \u201eTagasi kaupmehe juurde\u201c.<\/p>\n<p>2.6. Tellimuse ja makse k\u00e4ttesaamise kohta saadab M\u00fc\u00fcja Kliendile e-kirjaga kinnituse ja arve.<\/p>\n<p>2.7. M\u00fc\u00fcja ja Kliendi vahel j\u00f5ustub m\u00fc\u00fcgileping alates Kliendi poolt tasutud ostusumma tervikuna laekumisest M\u00fc\u00fcja arvelduskontole.<\/p>\n<p>2.8. Kaupade eest, mida ei \u00f5nnestu komplekteerida, maksab M\u00fc\u00fcja Kliendile raha tagasi hiljemalt 14 p\u00e4eva jooksul.[\/vc_column_text][\/vc_column][\/vc_row][vc_row][vc_column][vc_empty_space][\/vc_column][\/vc_row][vc_row][vc_column width=&#8221;1\/4&#8243;][\/vc_column][vc_column width=&#8221;3\/4&#8243;][vc_column_text]<\/p>\n<h6 class=\"nm-block-heading\">3. Toodete hinnad ja maksev\u00f5imalused<\/h6>\n<p>[\/vc_column_text][vc_empty_space][vc_column_text]3.1. K\u00f5ik Q Boutique E-poes m\u00fc\u00fcdavate kaupade hinnad on n\u00e4idatud eurodes ning sisaldavad 20%-list k\u00e4ibemaksu.<\/p>\n<p>3.2. Klient tasub tellimuse eest ettemaksuna kauba m\u00fc\u00fcgihinna ning kohaletoimetamise tasu t\u00e4ies ulatuses. Tasumine toimub v\u00e4ljaspool E-poodi panga\u00fclekandega M\u00fc\u00fcja arvelduskontole v\u00f5i pangalingiga vastava panga turvalises keskkonnas. M\u00fc\u00fcjal puudub ligip\u00e4\u00e4s Kliendi panga ja krediitkaardi andmetele.<\/p>\n<p>3.3. Kauba eest saab tasuda Q Boutique E-poes Eesti pangalinkide kaudu, panga\u00fclekandega arve alusel. Tellimuse maksumusele v\u00f5ib lisanduda teenustasu vastavalt Kliendi ja panga vahel s\u00f5lmitud lepingule.[\/vc_column_text][\/vc_column][\/vc_row][vc_row][vc_column][vc_empty_space][\/vc_column][\/vc_row][vc_row][vc_column width=&#8221;1\/4&#8243;][\/vc_column][vc_column width=&#8221;3\/4&#8243;][vc_column_text]<\/p>\n<h6 class=\"nm-block-heading\">4. Kauba k\u00e4ttesaamine<\/h6>\n<p>[\/vc_column_text][vc_empty_space][vc_column_text]4.1 Kaupa saab tellida Omniva pakiautomaati v\u00f5i Q Boutique esindusse aadressil V\u00e4ike-Karja 10, Tallinn.<\/p>\n<p>4.2 Tellimuse k\u00e4ttetoimetamise aeg s\u00f5ltub kauba saadavusest. Iga toote juures on m\u00e4rgitud, kas lisandub tarneaeg v\u00f5i on tegemist laos oleva kaubaga. Tarne hilinemisel teavitatakse klienti. Klient on teadlik, et erandjuhutudel (v\u00e4\u00e4ramatu j\u00f5u asjaoludel) v\u00f5ib kauba kohaletoimetamine viibida. Kui kauba juures m\u00e4rgitud tarneaeg on l\u00e4inud \u00fcle, siis on kliendil \u00f5igus tellimus t\u00fchistada ja n\u00f5uda raha tagasimakset.<\/p>\n<p>4.3. Kauba k\u00e4ttesaamine pakiautomaadist<\/p>\n<p>4.3.1. Kauba kohaletoimetamisel Kliendi poolt valitud Omniva pakiautomaati EI lisandub kauba hinnale kohaletoimetamise tasu.<\/p>\n<p>4.3.2. Kaup saabub pakiautomaati vastavalt Omniva teenuse osutamise tingimustele ja t\u00e4htajale.<\/p>\n<p>4.3.3. Kauba kohalej\u00f5udmisest pakiautomaati teavitatakse Klienti SMS-teatega, mis sisaldab pakiautomaadi ukse avamiseks unikaalset uksekood.<\/p>\n<p>4.3.4. M\u00fc\u00fcja ei vastuta Kliendile tekkinud kahju eest, kui M\u00fc\u00fcjast mittetulenevatel p\u00f5hjustel on kolmandad isikud saanud oma valdusse pakiautomaadi unikaalse koodi ning selle alusel on kaup k\u00e4tte saadud.<\/p>\n<p>4.3.5. Juhul, kui Klient ei ole hoiut\u00e4htaja m\u00f6\u00f6dudes pakiautomaadist kaupa vastu v\u00f5tnud, loeb M\u00fc\u00fcja, et Klient on tellimusest loobunud ning M\u00fc\u00fcja tagastab Kliendile ostusumma koos kohaletoimetamise tasuga viivitamata, kuid mitte hiljem kui 14 kalendrip\u00e4eva jooksul samale arvelduskontole, millelt ostu eest tasuti.<\/p>\n<p>4.4. Kauba kontroll<\/p>\n<p>4.4.1. Kauba k\u00e4ttesaamisel kohustub Klient avama tootepakendi ettevaatlikult, pakendit ja tooteid kahjustamata. Juhul kui Klient on rikkunud pakendi hooletuse t\u00f5ttu ehk tootepakendit oli v\u00f5imalik avada seda kahjustamata, on M\u00fc\u00fcjal \u00f5igus kaupade tagastamisel n\u00f5uda tekitatud kahju h\u00fcvitamist. Juhul, kui tootepakendit ei saa rikkumata\/l\u00f5hkumata avada, ei vastuta Klient rikutud pakendi eest.<\/p>\n<p>4.4.2. Juhul, kui Klient avastab kauba k\u00e4ttesaamisel, et talle on saadetud vale v\u00f5i defektne kaup v\u00f5i kaup ei j\u00f5ua Kliendini heas seisukorras ja kinnises pakendis, tuleb sellest koheselt teavitada M\u00fc\u00fcja klienditeenindust.<\/p>\n<p>4.4.3. M\u00fc\u00fcja vastutab Kliendi poolt ostetud kauba eest selle transportimise jooksul. Kauba k\u00e4ttesaamise hetkest l\u00e4heb kauba kahjustumise v\u00f5i kadumise risk \u00fcle Kliendile.<\/p>\n<p>4.4.4. Kauba k\u00e4ttesaamisel Q Boutique esindusest kohustub klient kontrollima kohapeal kas kaup on \u00f5ige ja heas seisukorras.[\/vc_column_text][\/vc_column][\/vc_row][vc_row][vc_column][vc_empty_space][\/vc_column][\/vc_row][vc_row][vc_column width=&#8221;1\/4&#8243;][\/vc_column][vc_column width=&#8221;3\/4&#8243;][vc_column_text]<\/p>\n<h6 class=\"nm-block-heading\">5. Kliendi andmete t\u00f6\u00f6tlemine<\/h6>\n<p>[\/vc_column_text][vc_empty_space][vc_column_text]5.1. M\u00fc\u00fcja kasutab Kliendi poolt esitatud isikuandmeid ja andmeid sooritatud ostude kohta koosk\u00f5las isikuandmete kaitse seadusega ulatuses, mis on vajalik Kliendi poolt E-poes esitatud tellimuse t\u00e4itmiseks. M\u00fc\u00fcja ei edasta Kliendi isikuandmeid kolmandatele isikutele, v.a posti- v\u00f5i kullerteenust pakkuvale ettev\u00f5tjale ulatuses, mis on vajalik kauba Kliendile k\u00e4ttetoimetamiseks.<\/p>\n<p>5.2. M\u00fc\u00fcjal puudub internetipanga vahendusel kauba eest tasumisel juurdep\u00e4\u00e4s Kliendi pangaandmetele.[\/vc_column_text][\/vc_column][\/vc_row][vc_row][vc_column][vc_empty_space][\/vc_column][\/vc_row][vc_row][vc_column width=&#8221;1\/4&#8243;][\/vc_column][vc_column width=&#8221;3\/4&#8243;][vc_column_text]<\/p>\n<h6 class=\"nm-block-heading\">6. Kauba tagastamine, lepingust taganemine ja tagasimaksed<\/h6>\n<p>[\/vc_column_text][vc_empty_space][vc_column_text]6.1. Kliendil on \u00f5igus p\u00f5hjust esitamata lepingust taganeda 14 kalendrip\u00e4eva jooksul alates kauba k\u00e4ttesaamisest (kauba SmartPOSTi v\u00f5i Omniva pakiautomaati saabumise teate k\u00e4ttesaamisest, v.a toote puuduste ilmnemisel, vt punkti 7).<\/p>\n<p>6.2. Kauba tagastamiseks peab Klient t\u00e4itma lepingust taganemise avalduse (<a href=\"https:\/\/qboutique.ee\/shop\/wp-content\/uploads\/2021\/04\/Taganemisavaldus_universaalne.docx\" target=\"_blank\" rel=\"noopener\">taganemisavalduse t\u00fc\u00fcpvorm<\/a>) ning edastama OBI O\u00dc&#8217;le v\u00f5ttes \u00fchendust <a href=\"mailto:info@qboutique.ee\">info@qboutique.ee<\/a><\/p>\n<p>6.3. Klient on kohustatud taganemis\u00f5iguse kasutamisel tagastama kauba M\u00fc\u00fcjale hiljemalt 14 p\u00e4eva jooksul arvates taganemisavalduse esitamisest. Tagastatavad Tooted tuleb \u00fcle anda M\u00fc\u00fcja esindusse. Juhul kui tagastatakse valesti saadetud toode ja\/v\u00f5i ebakvaliteetne toode, kohustub M\u00fc\u00fcja sellise toote tagasi v\u00f5tma ja asendama selle analoogse sobiva tootega. Kui M\u00fc\u00fcjal pole asenduseks sobivat toodet pakkuda, tagastab ta Kliendile kauba eest tasutud raha esimesel v\u00f5imalusel kuid mitte hiljem kui 14 t\u00f6\u00f6p\u00e4eva jooksul.<\/p>\n<p>6.4. Klient v\u00f5ib kasutada lepingust taganemise \u00f5igust, kui kaup on kasutamata (kauba sobivust v\u00f5ib proovida ja tutvumise eesm\u00e4rgil kasutada) ja rikkumata. Soovitame Kliendil k\u00f5ik kaubad, mida ta soovib tagastada, kohale toimetada \u00fche korraga. Tagastamisega seotud otsesed kulud kannab klient. Kaup tuleb tagastada originaal-transpordipakendis.<\/p>\n<p>6.5. Vastavalt v\u00f5la\u00f5igusseadusele ei kehti taganemis\u00f5igus kaupadele, mida oma olemuse t\u00f5ttu ei saa tagastada (nt pakendist v\u00e4lja v\u00f5etud aluspesu, ujumis- ja p\u00e4evitusriided, sukad-sokid). Tagastus aktsepteeritakse ainult koos t\u00e4idetud taganemisavaldusega.<\/p>\n<p>6.6. Juhul, kui Klient on tehingust taganenud, tagastab M\u00fc\u00fcja Kliendile ostusumma viivitamata, kuid mitte hiljem kui 14 kalendrip\u00e4eva jooksul taganemisavalduse j\u00f5udmisest M\u00fc\u00fcjale. Tagasimakse tehakse samale arvelduskontole, millelt ostu eest tasuti.<\/p>\n<p>6.7. Juhul, kui Klient on tagastatavat kaupa rikkunud v\u00f5i kahjustanud tahtlikult v\u00f5i hooletuse t\u00f5ttu, on M\u00fc\u00fcjal \u00f5igus keelduda kauba tagasi v\u00f5tmisest v\u00f5i n\u00f5uda tekitatud kahju h\u00fcvitamist.[\/vc_column_text][\/vc_column][\/vc_row][vc_row][vc_column][vc_empty_space][\/vc_column][\/vc_row][vc_row][vc_column width=&#8221;1\/4&#8243;][\/vc_column][vc_column width=&#8221;3\/4&#8243;][vc_column_text]<\/p>\n<h6 class=\"nm-block-heading\">7. Pretsensioonide esitamine ja vastutus<\/h6>\n<p>[\/vc_column_text][vc_empty_space][vc_column_text]7.1. M\u00fc\u00fcja vastutab ostetud kaubal ilmneva mittevastavuse eest 2 aasta jooksul alates kauba Kliendile \u00fcleandmisest. Tarbijale kauba m\u00fc\u00fcmise korral eeldatakse, et 6 kuu jooksul kauba Kliendile \u00fcleandmise p\u00e4evast ilmnenud lepingutingimustele mittevastavus oli olemas asja \u00fcleandmise ajal, kui selline eeldus ei ole vastuolus asja v\u00f5i puuduse olemusega. Klient kohustub M\u00fc\u00fcjat teavitama kauba mittevastavusest hiljemalt 2 kuu jooksul selle avastamisest ehk esitama pretensiooni.<\/p>\n<p>7.2. Kliendil on soovitatav esitada pretensioon e-posti teel aadressile <a href=\"mailto:info@qboutique.ee\">info@qboutique.ee<\/a>. Pretensioonis tuleb m\u00e4rkida Kliendi nimi ja kontaktandmed, pretensiooni esitamise kuup\u00e4ev, kaubal ilmnenud puudus ja esitatava n\u00f5ude sisu ning lisada ostu t\u00f5endav dokument.<\/p>\n<p>7.3. M\u00fc\u00fcja ei vastuta tellimuse t\u00e4itmisel Kliendi poolt esitatud ebakorrektsetest andmetest tekkiva kahju v\u00f5i mis tahes muude tagaj\u00e4rgede eest, sealhulgas kohaletoimetamise viivituse eest, kui see on tingitud asjaoludest, mida M\u00fc\u00fcjal ei olnud v\u00f5imalik m\u00f5jutada.<\/p>\n<p>7.4. M\u00fc\u00fcja ei vastuta tellitud kauba mittesihip\u00e4rasest kasutamisest tekkinud kahjude eest.<\/p>\n<p>7.5. M\u00fc\u00fcja ja Kliendi vahel tekkivad vaidlused lahendavad pooled l\u00e4bir\u00e4\u00e4kimiste teel. Kokkuleppe mittesaavutamisel on Kliendil \u00f5igus p\u00f6\u00f6rduda Tarbijakaitseametisse (Endla 10a Tallinn 10142, <a href=\"https:\/\/www.ttja.ee\/\">https:\/\/www.ttja.ee\/<\/a>) ja tarbijavaidluste komisjoni (Endla 10a Tallinn 10142,<a href=\"https:\/\/komisjon.ee\/\">https:\/\/komisjon.ee\/<\/a>) vaidluse kohtuv\u00e4liseks lahendamiseks v\u00f5i Tartu Maakohtusse. Lisaks on k\u00f5ikidele Klientidele avatud e-kauplejatega tekkinud kaebuste lahendamiseks Euroopa Liidu elektrooniline keskkond ODR-platvorm (Online Dispute Resolution ehk veebip\u00f5hine vaidluste lahendamine) aadressil <a href=\"https:\/\/ec.europa.eu\/consumers\/odr\/main\/index.cfm\">https:\/\/ec.europa.eu\/odr<\/a>.[\/vc_column_text][\/vc_column][\/vc_row][vc_row][vc_column][vc_empty_space][\/vc_column][\/vc_row][vc_row][vc_column width=&#8221;1\/4&#8243;][\/vc_column][vc_column width=&#8221;3\/4&#8243;][vc_column_text]<\/p>\n<h6 class=\"nm-block-heading\">8. Vastutus<\/h6>\n<p>[\/vc_column_text][vc_empty_space][vc_column_text]8.1. M\u00fc\u00fcja ja Klient vastutavad teineteise ees k\u00e4esolevate kasutustingimuste rikkumisega teisele poole tekitatud kahju eest Eesti Vabariigis kehtivates \u00f5igusaktides s\u00e4testatud juhtudel ja ulatuses.<\/p>\n<p>8.2. M\u00fc\u00fcja vastutab toote m\u00fc\u00fcgihinna ulatuses.<\/p>\n<p>8.3. Klient kohustub kasutama E-poe teenust \u00fcksnes seaduse ja heade tavadega koosk\u00f5las olevatel eesm\u00e4rkidel.[\/vc_column_text][\/vc_column][\/vc_row][vc_row][vc_column][vc_empty_space][\/vc_column][\/vc_row][vc_row][vc_column width=&#8221;1\/4&#8243;][\/vc_column][vc_column width=&#8221;3\/4&#8243;][vc_column_text]<\/p>\n<h6 class=\"nm-block-heading\">9. Privaatsuspoliitika<\/h6>\n<p>[\/vc_column_text][vc_empty_space][vc_column_text]9.1. Klient annab M\u00fc\u00fcjale selge ja teadliku n\u00f5usoleku oma isikuandmete t\u00f6\u00f6tlemiseks.<\/p>\n<p>9.2. M\u00fc\u00fcjale teatavaks saanud isikuandmed kantakse kliendiregistrisse ja neid kasutatakse m\u00fc\u00fcgiteenuse osutamiseks ja Kliendile kauba pakkumiseks.<\/p>\n<p>9.3 M\u00fc\u00fcja s\u00e4ilitab Kliendi kohta ostude sooritamise k\u00e4igus Kliendi poolt sisestatud kontaktandmed ja info sooritatud ostude kohta. Seda infot k\u00e4sitletakse konfidentsiaalsena ja t\u00f6\u00f6deldakse koosk\u00f5las isikuandmete kaitse seadusega. Isikuandmed, mis on vajalikud toodete Kliendile saatmiseks, edastakse kulleriteenust osutavale ettev\u00f5ttele.<\/p>\n<p>9.4. M\u00fc\u00fcja v\u00f5ib kasutada Kliendi isikuandmeid Kliendile eripakkumiste ja kampaaniate kohta info saatmiseks e-posti teel \u00fcksnes juhul, kui Klient on andnud selleks oma n\u00f5usoleku.<\/p>\n<p>9.5. Andmeside Kliendi ja pankade ning kaardimaksekeskuse vahel on kr\u00fcpteeritud, mis tagab Kliendi isikuandmete ja pangaandmete turvalisuse. Makse teostamine toimub v\u00e4ljaspool E-poe keskkonda, vastava panga v\u00f5i teenusepakkuja turvalises maksekeskkonnas. E-poel puudub ligip\u00e4\u00e4s Kliendi pangaandmetele. Isikuandmeid t\u00f6\u00f6tleb OBI O\u00dc[\/vc_column_text][\/vc_column][\/vc_row][vc_row][vc_column][vc_empty_space][\/vc_column][\/vc_row][vc_row][vc_column width=&#8221;1\/4&#8243;][\/vc_column][vc_column width=&#8221;3\/4&#8243;][vc_column_text]<\/p>\n<h6 class=\"nm-block-heading\">9. Privaatsuspoliitika<\/h6>\n<p>[\/vc_column_text][vc_empty_space][vc_column_text]10.1. Kui Sul tekib k\u00fcsimusi v\u00f5i on murekohti, siis v\u00f5ta julgelt meiega \u00fchendust, p\u00fc\u00fcame Sind aidata igal v\u00f5imalikul moel. Helista +372 641 84 18 v\u00f5i kirjuta meile <a href=\"mailto:info@qboutique.ee\">info@qboutique.ee<\/a>[\/vc_column_text][\/vc_column][\/vc_row][vc_row][vc_column][vc_empty_space][\/vc_column][\/vc_row][vc_row][vc_column][vc_separator][\/vc_column][\/vc_row][vc_row][vc_column][vc_empty_space][\/vc_column][\/vc_row][vc_row][vc_column width=&#8221;1\/3&#8243;][vc_column_text]<\/p>\n<h4>Kohaletoimetamine<\/h4>\n<p>[\/vc_column_text][vc_empty_space][\/vc_column][vc_column width=&#8221;1\/3&#8243;][vc_column_text]<\/p>\n<h6 class=\"nm-block-heading\">Tulen Q Boutique ise j\u00e4rgi<\/h6>\n<p>[\/vc_column_text][\/vc_column][vc_column width=&#8221;1\/3&#8243;][vc_column_text]See on kiireim viis ostu k\u00e4ttesaamiseks ja alati TASUTA. Meie esinduskauplus asub V\u00e4ike-Karja 10, Tallinn. Oleme avatud E-R 11:00-19:00, L 11:00-17:00. Enne kaubale j\u00e4rele tulemist oota meie teavitust, et kaup on Sinu jaoks komplekteeritud. Kui Sul on kiire, siis v\u00f5ta meiega \u00fchendust info@qboutique.ee v\u00f5i +372 641 84 18<br \/>\nNB! Seoses Vabariigi Valitsuse otsusega on esinduskauplus suletud alates 11.03.2021. E-poest tellitud kaubad saab k\u00e4tte kokkuleppel. Teiega v\u00f5etakse \u00fchendust kasutades tellimusele m\u00e4rgitud kontakte.[\/vc_column_text][\/vc_column][\/vc_row][vc_row][vc_column][vc_empty_space][\/vc_column][\/vc_row][vc_row][vc_column width=&#8221;1\/3&#8243;][\/vc_column][vc_column width=&#8221;1\/3&#8243;][vc_column_text]<\/p>\n<h6 class=\"nm-block-heading\">Omniva pakiautomaat<\/h6>\n<p>[\/vc_column_text][\/vc_column][vc_column width=&#8221;1\/3&#8243;][vc_column_text]TASUTA. Leia \u00fcles l\u00e4him Omniva pakiautomaat! Kohaletoimetamine 3 t\u00f6\u00f6p\u00e4eva jooksul ostu sooritamisest (va pikema tarneajaga tooted). Kui pakk on kohal, tuleb Sulle SMS, mis sisaldab turvakoodi pakiautomaadi avamiseks. Hoia pakend ja kood alles, sest seda v\u00f5ib Sul hiljem tarvis minna, juhul kui peaksid soovima midagi meile tagasi saata.[\/vc_column_text][\/vc_column][\/vc_row][vc_row][vc_column][vc_empty_space][\/vc_column][\/vc_row][vc_row][vc_column][vc_separator][\/vc_column][\/vc_row][vc_row][vc_column][vc_empty_space][\/vc_column][\/vc_row][vc_row][vc_column width=&#8221;1\/4&#8243;][vc_column_text]<\/p>\n<h4>Privaatsuspoliitika<\/h4>\n<p>[\/vc_column_text][vc_empty_space][\/vc_column][vc_column width=&#8221;3\/4&#8243;][vc_column_text]OBI O\u00dc (www.qboutique.ee\/shop) on v\u00f5tnud endale kohustuse kaitsta klientide ja kasutajate privaatsust. Sellest l\u00e4htuvalt oleme koostanud k\u00e4esolevad privaatsuspoliitika p\u00f5him\u00f5tted, mis k\u00e4sitlevad kliendi andmete kogumist, kasutamist, avaldamist, edastamist ja talletamist. Meie tegevus internetis on koosk\u00f5las k\u00f5igi Eesti Vabariigi seadustega ja vastavate Euroopa Liidu \u00f5igusaktidega.[\/vc_column_text][\/vc_column][\/vc_row][vc_row][vc_column][vc_empty_space][\/vc_column][\/vc_row][vc_row][vc_column width=&#8221;1\/3&#8243;][\/vc_column][vc_column width=&#8221;1\/3&#8243;][vc_column_text]<\/p>\n<h6 class=\"nm-block-heading\">Isikuandmete kogumine ja kasutamine<\/h6>\n<p>[\/vc_column_text][\/vc_column][vc_column width=&#8221;1\/3&#8243;][vc_column_text]Isikuandmed on andmed, mida OBI O\u00dc kogub \u00fcksikisiku tuvastamiseks v\u00f5i temaga \u00fchenduse v\u00f5tmiseks.[\/vc_column_text][\/vc_column][\/vc_row][vc_row][vc_column][vc_empty_space][\/vc_column][\/vc_row][vc_row][vc_column width=&#8221;1\/3&#8243;][\/vc_column][vc_column width=&#8221;1\/3&#8243;][vc_column_text]<\/p>\n<h6 class=\"nm-block-heading\">Isikuandmete kogumine v\u00f5ib toimuda kliendi n\u00f5usolekul j\u00e4rgnevatel viisidel<\/h6>\n<p>[\/vc_column_text][\/vc_column][vc_column width=&#8221;1\/3&#8243;][vc_column_text]<\/p>\n<ul>\n<li>kontaktandmete (sh nimi, postiaadress, telefoninumber, e-posti aadress, eelistatud kontakteerumisviis) esitamisel meie veebisaidil v\u00f5i mujal (n\u00e4it. esinduses)<\/li>\n<li>veebisaidi kasutamisel k\u00fcpsiste (cookies) kaudu<\/li>\n<li>ostu v\u00f5i tellimuse sooritamisel meie e-poes (e-pood v\u00f5ib paluda teatud veebilehe aladel vabatahtlikult esitada isikuandmeid ja personaalset informatsiooni. N\u00f5utavad isikuandmed v\u00f5ivad sisaldada nime, aadressi, postiindeksit, e-posti aadressi, telefoninumbrit ja teisi andmeid).<\/li>\n<\/ul>\n<p>[\/vc_column_text][\/vc_column][\/vc_row][vc_row][vc_column][vc_empty_space][\/vc_column][\/vc_row][vc_row][vc_column width=&#8221;1\/3&#8243;][\/vc_column][vc_column width=&#8221;1\/3&#8243;][vc_column_text]<\/p>\n<h6 class=\"nm-block-heading\">Muude andmete kogumine<\/h6>\n<p>[\/vc_column_text][\/vc_column][vc_column width=&#8221;1\/3&#8243;][vc_column_text]Kogume ka isikustamata andmeid \u2013 andmeid, mida ei saa otseselt \u00fche kindla isikuga siduda (sugu, vanus, keele eelistus, asukoht). V\u00f5ime koguda ka andmeid klienditegevuste kohta meie veebisaidil. Need andmed koondatakse ja neid kasutatakse selleks, et saaksime klientidele edastada kasulikumat teavet ja saaksime teada, millised veebisaidi, toodete ja teenuste osad on k\u00f5ige huvipakkuvamad. Koondandmeid k\u00e4sitletakse selles privaatsuspoliitikas isikustamata andmetena.[\/vc_column_text][\/vc_column][\/vc_row][vc_row][vc_column][vc_empty_space][\/vc_column][\/vc_row][vc_row][vc_column width=&#8221;1\/3&#8243;][\/vc_column][vc_column width=&#8221;1\/3&#8243;][vc_column_text]<\/p>\n<h6 class=\"nm-block-heading\">Kogutud isikuandmete t\u00f6\u00f6tlemine<\/h6>\n<p>[\/vc_column_text][\/vc_column][vc_column width=&#8221;1\/3&#8243;][vc_column_text]Kogutud isikuandmete abil saame teavitada kliente tooteuudistest, kampaaniatest ja tulevastest s\u00fcndmustest. Klient, kes ei soovi olla meie uudiskirjaloendis, saab ennast sellest igal ajal eemaldada. Kogutud isikuandmeid kasutame ka kauba kohaletoimetamiseks ning kliendi ees v\u00f5etud kohustuste t\u00e4itmiseks. Kliendi paremaks teenindamiseks v\u00f5ib OBI O\u00dc avaldada teavet \u00fcksikute kasutajate kohta kolmandale osapoolele, kes osutab OBI O\u00dc&#8217;le teenuseid ning on lepinguga kohustunud hoidma jagatud teavet konfidentsiaalsena. Kolmandaks osapooleks on n\u00e4iteks meie partner, kelle \u00fclesanneteks on e-poes m\u00fc\u00fcdavale kaubale j\u00e4relmaksu pakkuda.[\/vc_column_text][\/vc_column][\/vc_row][vc_row][vc_column][vc_empty_space][\/vc_column][\/vc_row][vc_row][vc_column width=&#8221;1\/3&#8243;][\/vc_column][vc_column width=&#8221;1\/3&#8243;][vc_column_text]<\/p>\n<h6 class=\"nm-block-heading\">Isikuandmete kaitse<\/h6>\n<p>[\/vc_column_text][\/vc_column][vc_column width=&#8221;1\/3&#8243;][vc_column_text]OBI O\u00dc rakendab k\u00f5iki ettevaatusabin\u00f5usid (sh administratiivsed, tehnilised ja f\u00fc\u00fcsilised meetmed) kliendi isikuandmete kaitsmiseks. Juurdep\u00e4\u00e4s andmete muutmiseks ja t\u00f6\u00f6tlemiseks on ainult selleks volitatud isikutel.[\/vc_column_text][\/vc_column][\/vc_row][vc_row][vc_column][vc_empty_space][\/vc_column][\/vc_row][vc_row][vc_column width=&#8221;1\/3&#8243;][\/vc_column][vc_column width=&#8221;1\/3&#8243;][vc_column_text]<\/p>\n<h6 class=\"nm-block-heading\">Turvalisus<\/h6>\n<p>[\/vc_column_text][\/vc_column][vc_column width=&#8221;1\/3&#8243;][vc_column_text]K\u00f5ik OBI O\u00dc e-poe k\u00fclastamise ja ostude sooritamise k\u00e4igus teatavaks saanud kliendi isikuandmeid k\u00e4sitletakse kui konfidentsiaalset infot. Kr\u00fcpteeritud andmesidekanal teenusepakkujatega tagab ostu sooritaja isikuandmete ja makseinfo turvalisuse.[\/vc_column_text][\/vc_column][\/vc_row][vc_row][vc_column][vc_empty_space][\/vc_column][\/vc_row][vc_row][vc_column width=&#8221;1\/3&#8243;][\/vc_column][vc_column width=&#8221;1\/3&#8243;][vc_column_text]<\/p>\n<h6 class=\"nm-block-heading\">Turvalisus<\/h6>\n<p>[\/vc_column_text][\/vc_column][vc_column width=&#8221;1\/3&#8243;][vc_column_text]J\u00e4tame endale \u00f5iguse vajadusel privaatsuspoliitikat muuta. Meie e-poodi kasutama asudes, eeldame, et olete nende p\u00f5him\u00f5tetega tutvunud ning n\u00f5ustute nendega. K\u00f5igi privaatsuspoliitika v\u00f5i andmet\u00f6\u00f6tluse kohta tekkivate k\u00fcsimuste v\u00f5i muredega v\u00f5ta julgelt meiega \u00fchendust, p\u00fc\u00fcame Sind aidata igal v\u00f5imalikul moel. Kirjuta meile <a href=\"mailto:info@qboutique.ee\">info@qboutique.ee<\/a>[\/vc_column_text][\/vc_column][\/vc_row][vc_row][vc_column][vc_empty_space][\/vc_column][\/vc_row]<\/p>\n<\/div>","protected":false},"excerpt":{"rendered":"<p>[vc_row][vc_column][vc_empty_space][\/vc_column][\/vc_row][vc_row][vc_column][vc_column_text] M\u00fc\u00fcgi- ja privaatsustingimused [\/vc_column_text][\/vc_column][\/vc_row][vc_row][vc_column][vc_empty_space height=&#8221;64px&#8221;][\/vc_column][\/vc_row][vc_row][vc_column width=&#8221;1\/4&#8243;][vc_column_text] Kasutustingimused [\/vc_column_text][\/vc_column][vc_column width=&#8221;3\/4&#8243;][vc_empty_space][vc_column_text] 1. \u00dclds\u00e4tted [\/vc_column_text][vc_empty_space][vc_column_text]1.1. K\u00e4esoleva Q Boutique E-poe (edaspidi: E-pood) m\u00fc\u00fcgitingimused (edaspidi: Tingimused) kehtivad Q Boutique E-poest ostmisel internetiaadressilt https:\/\/www.qboutique.ee\/shop\/. Kauba M\u00fc\u00fcja on OBI O\u00dc (edaspidi: M\u00fc\u00fcja), registrikood 10256781, e-posti aadress info@qboutique.ee. Tingimused kehtivad k\u00f5igi isikute (edaspidi: Klient) ja M\u00fc\u00fcja vahel Q Boutique E-poe vahendusel kauba &hellip;<\/p>\n","protected":false},"author":1,"featured_media":0,"parent":0,"menu_order":0,"comment_status":"closed","ping_status":"open","template":"","meta":{"footnotes":""},"class_list":["post-3","page","type-page","status-publish","hentry"],"_links":{"self":[{"href":"https:\/\/qboutique.ee\/shop\/wp-json\/wp\/v2\/pages\/3","targetHints":{"allow":["GET"]}}],"collection":[{"href":"https:\/\/qboutique.ee\/shop\/wp-json\/wp\/v2\/pages"}],"about":[{"href":"https:\/\/qboutique.ee\/shop\/wp-json\/wp\/v2\/types\/page"}],"author":[{"embeddable":true,"href":"https:\/\/qboutique.ee\/shop\/wp-json\/wp\/v2\/users\/1"}],"replies":[{"embeddable":true,"href":"https:\/\/qboutique.ee\/shop\/wp-json\/wp\/v2\/comments?post=3"}],"version-history":[{"count":50,"href":"https:\/\/qboutique.ee\/shop\/wp-json\/wp\/v2\/pages\/3\/revisions"}],"predecessor-version":[{"id":1678,"href":"https:\/\/qboutique.ee\/shop\/wp-json\/wp\/v2\/pages\/3\/revisions\/1678"}],"wp:attachment":[{"href":"https:\/\/qboutique.ee\/shop\/wp-json\/wp\/v2\/media?parent=3"}],"curies":[{"name":"wp","href":"https:\/\/api.w.org\/{rel}","templated":true}]}}