{"id":1607,"date":"2021-04-05T20:29:09","date_gmt":"2021-04-05T17:29:09","guid":{"rendered":"https:\/\/qboutique.ee\/shop\/?page_id=1607"},"modified":"2022-09-07T14:30:16","modified_gmt":"2022-09-07T11:30:16","slug":"suuruste-abitabelid","status":"publish","type":"page","link":"https:\/\/qboutique.ee\/shop\/suuruste-abitabelid\/","title":{"rendered":"Suuruste abitabelid"},"content":{"rendered":"\n<div style=\"height:32px\" aria-hidden=\"true\" class=\"wp-block-spacer\"><\/div>\n\n\n\n<h3 class=\"nm-block-heading has-text-align-center wp-block-heading\">Suuruste abitabelid<\/h3>\n\n\n\n<h4 class=\"nm-block-heading wp-block-heading\">Riided<\/h4>\n\n\n\n<figure class=\"wp-block-table\"><table><tbody><tr><td><strong>Itaalia suurus<\/strong><\/td><td><strong>Eesti\/Euroopa suurus<\/strong><\/td><\/tr><tr><td>36<\/td><td>32<\/td><\/tr><tr><td>38<\/td><td>34<\/td><\/tr><tr><td>40<\/td><td>36<\/td><\/tr><tr><td>42<\/td><td>38<\/td><\/tr><tr><td>44<\/td><td>40<\/td><\/tr><tr><td>46<\/td><td>42<\/td><\/tr><tr><td>48<\/td><td>44<\/td><\/tr><tr><td>50<\/td><td>46<\/td><\/tr><\/tbody><\/table><\/figure>\n\n\n\n<hr class=\"wp-block-separator has-css-opacity\"\/>\n\n\n\n<div style=\"height:32px\" aria-hidden=\"true\" class=\"wp-block-spacer\"><\/div>\n\n\n\n<h4 class=\"nm-block-heading wp-block-heading\">Teksad<\/h4>\n\n\n\n<figure class=\"wp-block-table\"><table><tbody><tr><td><strong>Itaalia suurus<\/strong><\/td><td><strong>Piht(cm) keskmine<\/strong><\/td><td><strong>Eesti\/Euroopa<\/strong><\/td><\/tr><tr><td>25<\/td><td>62<\/td><td>32<\/td><\/tr><tr><td>26<\/td><td>65<\/td><td>34<\/td><\/tr><tr><td>27<\/td><td>67<\/td><td>36<\/td><\/tr><tr><td>28<\/td><td>70<\/td><td>38<\/td><\/tr><tr><td>29<\/td><td>72<\/td><td>40<\/td><\/tr><tr><td>30<\/td><td>75<\/td><td>42<\/td><\/tr><tr><td>31<\/td><td>78<\/td><td>44<\/td><\/tr><tr><td>32<\/td><td>81<\/td><td>46<\/td><\/tr><\/tbody><\/table><\/figure>\n\n\n\n<hr class=\"wp-block-separator has-css-opacity\"\/>\n\n\n\n<div style=\"height:32px\" aria-hidden=\"true\" class=\"wp-block-spacer\"><\/div>\n\n\n\n<h4 class=\"nm-block-heading wp-block-heading\">Jalan\u00f5ud<\/h4>\n\n\n\n<p>IT\/FR\/ES\/DE ja Euroopa\/Eesti numbrid on samad<\/p>\n\n\n\n<hr class=\"wp-block-separator has-css-opacity\"\/>\n\n\n\n<div style=\"height:32px\" aria-hidden=\"true\" class=\"wp-block-spacer\"><\/div>\n\n\n\n<h4 class=\"nm-block-heading wp-block-heading\">M\u00fctsid<\/h4>\n\n\n\n<figure class=\"wp-block-table\"><table><tbody><tr><td><strong>Rahvusvaheline<\/strong><\/td><td><strong>Pea \u00fcmberm\u00f5\u00f5t (cm)<\/strong><\/td><\/tr><tr><td>S<\/td><td>56<\/td><\/tr><tr><td>M<\/td><td>57<\/td><\/tr><tr><td>L<\/td><td>58<\/td><\/tr><\/tbody><\/table><\/figure>\n\n\n<p><!-- \/wp:post-content --><\/p>","protected":false},"excerpt":{"rendered":"<p>Suuruste abitabelid Riided Itaalia suurus Eesti\/Euroopa suurus 36 32 38 34 40 36 42 38 44 40 46 42 48 44 50 46 Teksad Itaalia suurus Piht(cm) keskmine Eesti\/Euroopa 25 62 32 26 65 34 27 67 36 28 70 38 29 72 40 30 75 42 31 78 44 32 81 46 Jalan\u00f5ud IT\/FR\/ES\/DE &hellip;<\/p>\n","protected":false},"author":1,"featured_media":0,"parent":0,"menu_order":0,"comment_status":"closed","ping_status":"closed","template":"","meta":{"footnotes":""},"class_list":["post-1607","page","type-page","status-publish","hentry"],"_links":{"self":[{"href":"https:\/\/qboutique.ee\/shop\/wp-json\/wp\/v2\/pages\/1607","targetHints":{"allow":["GET"]}}],"collection":[{"href":"https:\/\/qboutique.ee\/shop\/wp-json\/wp\/v2\/pages"}],"about":[{"href":"https:\/\/qboutique.ee\/shop\/wp-json\/wp\/v2\/types\/page"}],"author":[{"embeddable":true,"href":"https:\/\/qboutique.ee\/shop\/wp-json\/wp\/v2\/users\/1"}],"replies":[{"embeddable":true,"href":"https:\/\/qboutique.ee\/shop\/wp-json\/wp\/v2\/comments?post=1607"}],"version-history":[{"count":42,"href":"https:\/\/qboutique.ee\/shop\/wp-json\/wp\/v2\/pages\/1607\/revisions"}],"predecessor-version":[{"id":3935,"href":"https:\/\/qboutique.ee\/shop\/wp-json\/wp\/v2\/pages\/1607\/revisions\/3935"}],"wp:attachment":[{"href":"https:\/\/qboutique.ee\/shop\/wp-json\/wp\/v2\/media?parent=1607"}],"curies":[{"name":"wp","href":"https:\/\/api.w.org\/{rel}","templated":true}]}}